{"id":103,"date":"2025-06-30T15:38:55","date_gmt":"2025-06-30T15:38:55","guid":{"rendered":"https:\/\/batuskaartdecor.hu\/about\/"},"modified":"2025-07-05T13:38:15","modified_gmt":"2025-07-05T13:38:15","slug":"about","status":"publish","type":"page","link":"https:\/\/batuskaartdecor.hu\/?page_id=103","title":{"rendered":"About"},"content":{"rendered":"\t\t<div data-elementor-type=\"wp-page\" data-elementor-id=\"103\" class=\"elementor elementor-103\">\n\t\t\t\t<div class=\"elementor-element elementor-element-f5c09bc e-flex e-con-boxed e-con e-parent\" data-id=\"f5c09bc\" data-element_type=\"container\" data-e-type=\"container\">\n\t\t\t\t\t<div class=\"e-con-inner\">\n\t\t<div class=\"elementor-element elementor-element-f33af62 e-con-full e-flex e-con e-child\" data-id=\"f33af62\" data-element_type=\"container\" data-e-type=\"container\">\n\t\t\t\t<div class=\"elementor-element elementor-element-74f25ee elementor-widget elementor-widget-heading\" data-id=\"74f25ee\" data-element_type=\"widget\" data-e-type=\"widget\" data-widget_type=\"heading.default\">\n\t\t\t\t<div class=\"elementor-widget-container\">\n\t\t\t\t\t<h1 class=\"elementor-heading-title elementor-size-default\">Cukis\u00e1gok t\u00e1rh\u00e1za<\/h1>\t\t\t\t<\/div>\n\t\t\t\t<\/div>\n\t\t\t\t<\/div>\n\t\t\t\t\t<\/div>\n\t\t\t\t<\/div>\n\t\t<div class=\"elementor-element elementor-element-d40f415 e-flex e-con-boxed e-con e-parent\" data-id=\"d40f415\" data-element_type=\"container\" data-e-type=\"container\">\n\t\t\t\t\t<div class=\"e-con-inner\">\n\t\t<div class=\"elementor-element elementor-element-1c4f9ce e-con-full e-flex e-con e-child\" data-id=\"1c4f9ce\" data-element_type=\"container\" data-e-type=\"container\">\n\t\t\t\t<div class=\"elementor-element elementor-element-aa95e0c elementor-widget elementor-widget-image\" data-id=\"aa95e0c\" data-element_type=\"widget\" data-e-type=\"widget\" data-widget_type=\"image.default\">\n\t\t\t\t<div class=\"elementor-widget-container\">\n\t\t\t\t\t\t\t\t\t\t\t\t\t\t\t<img fetchpriority=\"high\" decoding=\"async\" width=\"1200\" height=\"500\" src=\"https:\/\/batuskaartdecor.hu\/wp-content\/uploads\/2022\/02\/about-image.jpg\" class=\"attachment-full size-full wp-image-199\" alt=\"\" srcset=\"https:\/\/batuskaartdecor.hu\/wp-content\/uploads\/2022\/02\/about-image.jpg 1200w, https:\/\/batuskaartdecor.hu\/wp-content\/uploads\/2022\/02\/about-image-600x250.jpg 600w, https:\/\/batuskaartdecor.hu\/wp-content\/uploads\/2022\/02\/about-image-300x125.jpg 300w, https:\/\/batuskaartdecor.hu\/wp-content\/uploads\/2022\/02\/about-image-1024x427.jpg 1024w, https:\/\/batuskaartdecor.hu\/wp-content\/uploads\/2022\/02\/about-image-768x320.jpg 768w\" sizes=\"(max-width: 1200px) 100vw, 1200px\" \/>\t\t\t\t\t\t\t\t\t\t\t\t\t\t\t<\/div>\n\t\t\t\t<\/div>\n\t\t\t\t<\/div>\n\t\t\t\t\t<\/div>\n\t\t\t\t<\/div>\n\t\t<div class=\"elementor-element elementor-element-6792d01 e-flex e-con-boxed e-con e-parent\" data-id=\"6792d01\" data-element_type=\"container\" data-e-type=\"container\" data-settings=\"{&quot;background_background&quot;:&quot;classic&quot;}\">\n\t\t\t\t\t<div class=\"e-con-inner\">\n\t\t<div class=\"elementor-element elementor-element-8d56ee4 e-con-full e-flex e-con e-child\" data-id=\"8d56ee4\" data-element_type=\"container\" data-e-type=\"container\">\n\t\t<div class=\"elementor-element elementor-element-147497f e-con-full e-flex e-con e-child\" data-id=\"147497f\" data-element_type=\"container\" data-e-type=\"container\">\n\t\t<div class=\"elementor-element elementor-element-070bc93 e-con-full e-flex e-con e-child\" data-id=\"070bc93\" data-element_type=\"container\" data-e-type=\"container\">\n\t\t\t\t<div class=\"elementor-element elementor-element-067ae0b elementor-widget__width-initial elementor-widget-mobile__width-initial elementor-widget elementor-widget-hfe-infocard\" data-id=\"067ae0b\" data-element_type=\"widget\" data-e-type=\"widget\" data-widget_type=\"hfe-infocard.default\">\n\t\t\t\t<div class=\"elementor-widget-container\">\n\t\t\t\t\t\n\t\t<div class=\"hfe-infocard\">\n\t\t\t\t\t\t\t\t\t<div class=\"hfe-infocard-title-wrap\">\n\t\t\t\t<h2 class=\"hfe-infocard-title elementor-inline-editing\" data-elementor-setting-key=\"infocard_title\" data-elementor-inline-editing-toolbar=\"basic\" >Kik Vagyunk<\/h2>\t\t\t<\/div>\n\t\t\t\t\t\t<div class=\"hfe-infocard-text-wrap\">\n\t\t\t\t<div class=\"hfe-infocard-text elementor-inline-editing\" data-elementor-setting-key=\"infocard_description\" data-elementor-inline-editing-toolbar=\"advanced\">\n\t\t\t\t\tEgy szenved\u00e9lyb\u0151l indult kis csapat vagyunk, akik hisznek abban, hogy az otthon a legfontosabb hely a vil\u00e1gon. Webshopunkat az\u00e9rt hoztuk l\u00e9tre, hogy gondosan v\u00e1logatott lak\u00e1sdekor term\u00e9keinkkel seg\u00edts\u00fcnk neked egy harmonikus, egyedi \u00e9s szerethet\u0151 \u00e9letteret kialak\u00edtani \u2013 olyat, ami igaz\u00e1n t\u00e9ged t\u00fckr\u00f6z.\n\nA k\u00edn\u00e1latunkban megtal\u00e1lsz mindent a letisztult skandin\u00e1v vonalakt\u00f3l a boh\u00e9m r\u00e9szletekig \u2013 term\u00e9szetes anyagokkal, k\u00e9zzel k\u00e9sz\u00edtett darabokkal \u00e9s mindig egy kis extra figyelemmel.\n\nLegyen sz\u00f3 egy apr\u00f3 kieg\u00e9sz\u00edt\u0151r\u0151l vagy teljes \u00fajragondol\u00e1sr\u00f3l \u2013 itt vagyunk, hogy veled egy\u00fctt alkossuk meg az igazi otthonod.\t\t\t\t<\/div>\n\t\t\t\t\t\t\t<\/div>\n\t\t<\/div>\n\n\t\t\t\t\t\t<\/div>\n\t\t\t\t<\/div>\n\t\t\t\t<\/div>\n\t\t<div class=\"elementor-element elementor-element-c1b2f2d e-con-full e-flex e-con e-child\" data-id=\"c1b2f2d\" data-element_type=\"container\" data-e-type=\"container\">\n\t\t\t\t<div class=\"elementor-element elementor-element-ada0517 elementor-widget elementor-widget-image\" data-id=\"ada0517\" data-element_type=\"widget\" data-e-type=\"widget\" data-widget_type=\"image.default\">\n\t\t\t\t<div class=\"elementor-widget-container\">\n\t\t\t\t\t\t\t\t\t\t\t\t\t\t\t<img decoding=\"async\" width=\"1498\" height=\"2098\" src=\"https:\/\/batuskaartdecor.hu\/wp-content\/uploads\/2025\/07\/IMG_3214.jpeg\" class=\"attachment-full size-full wp-image-458\" alt=\"\" srcset=\"https:\/\/batuskaartdecor.hu\/wp-content\/uploads\/2025\/07\/IMG_3214.jpeg 1498w, https:\/\/batuskaartdecor.hu\/wp-content\/uploads\/2025\/07\/IMG_3214-600x840.jpeg 600w, https:\/\/batuskaartdecor.hu\/wp-content\/uploads\/2025\/07\/IMG_3214-214x300.jpeg 214w, https:\/\/batuskaartdecor.hu\/wp-content\/uploads\/2025\/07\/IMG_3214-731x1024.jpeg 731w, https:\/\/batuskaartdecor.hu\/wp-content\/uploads\/2025\/07\/IMG_3214-768x1076.jpeg 768w, https:\/\/batuskaartdecor.hu\/wp-content\/uploads\/2025\/07\/IMG_3214-1097x1536.jpeg 1097w, https:\/\/batuskaartdecor.hu\/wp-content\/uploads\/2025\/07\/IMG_3214-1462x2048.jpeg 1462w\" sizes=\"(max-width: 1498px) 100vw, 1498px\" \/>\t\t\t\t\t\t\t\t\t\t\t\t\t\t\t<\/div>\n\t\t\t\t<\/div>\n\t\t\t\t<\/div>\n\t\t\t\t<\/div>\n\t\t<div class=\"elementor-element elementor-element-aa5796e e-con-full e-flex e-con e-child\" data-id=\"aa5796e\" data-element_type=\"container\" data-e-type=\"container\">\n\t\t<div class=\"elementor-element elementor-element-884e89a e-con-full e-flex e-con e-child\" data-id=\"884e89a\" data-element_type=\"container\" data-e-type=\"container\">\n\t\t\t\t<div class=\"elementor-element elementor-element-078a4ca elementor-widget__width-initial elementor-widget-mobile__width-initial elementor-widget elementor-widget-hfe-infocard\" data-id=\"078a4ca\" data-element_type=\"widget\" data-e-type=\"widget\" data-widget_type=\"hfe-infocard.default\">\n\t\t\t\t<div class=\"elementor-widget-container\">\n\t\t\t\t\t\n\t\t<div class=\"hfe-infocard\">\n\t\t\t\t\t\t\t\t\t<div class=\"hfe-infocard-title-wrap\">\n\t\t\t\t<h2 class=\"hfe-infocard-title elementor-inline-editing\" data-elementor-setting-key=\"infocard_title\" data-elementor-inline-editing-toolbar=\"basic\" >K\u00fcldet\u00e9s\u00fcnk<\/h2>\t\t\t<\/div>\n\t\t\t\t\t\t<div class=\"hfe-infocard-text-wrap\">\n\t\t\t\t<div class=\"hfe-infocard-text elementor-inline-editing\" data-elementor-setting-key=\"infocard_description\" data-elementor-inline-editing-toolbar=\"advanced\">\n\t\t\t\t\tOtthont teremteni nem csup\u00e1n t\u00e1rgyak \u00f6sszev\u00e1logat\u00e1sa \u2013 hanem egy \u00e9rz\u00e9s, amit minden nap \u00fajra meg\u00e9l\u00fcnk. C\u00e9lunk, hogy inspir\u00e1l\u00f3, min\u0151s\u00e9gi \u00e9s el\u00e9rhet\u0151 otthoni dekor\u00e1ci\u00f3kkal seg\u00edts\u00fcnk mindenki sz\u00e1m\u00e1ra egy olyan t\u00e9r megalkot\u00e1s\u00e1ban, ahol igaz\u00e1n \u00f6nmaga lehet.\n\nHisz\u00fcnk abban, hogy a st\u00edlus nem luxus \u2013 hanem \u00f6nkifejez\u00e9s.\t\t\t\t<\/div>\n\t\t\t\t\t\t\t<\/div>\n\t\t<\/div>\n\n\t\t\t\t\t\t<\/div>\n\t\t\t\t<\/div>\n\t\t\t\t<\/div>\n\t\t<div class=\"elementor-element elementor-element-a4186ff e-con-full e-flex e-con e-child\" data-id=\"a4186ff\" data-element_type=\"container\" data-e-type=\"container\">\n\t\t\t\t<div class=\"elementor-element elementor-element-c20208f elementor-widget elementor-widget-image\" data-id=\"c20208f\" data-element_type=\"widget\" data-e-type=\"widget\" data-widget_type=\"image.default\">\n\t\t\t\t<div class=\"elementor-widget-container\">\n\t\t\t\t\t\t\t\t\t\t\t\t\t\t\t<img decoding=\"async\" width=\"1536\" height=\"2048\" src=\"https:\/\/batuskaartdecor.hu\/wp-content\/uploads\/2025\/06\/493722736_674219075469659_710372809433884818_n.jpg\" class=\"attachment-full size-full wp-image-365\" alt=\"\" srcset=\"https:\/\/batuskaartdecor.hu\/wp-content\/uploads\/2025\/06\/493722736_674219075469659_710372809433884818_n.jpg 1536w, https:\/\/batuskaartdecor.hu\/wp-content\/uploads\/2025\/06\/493722736_674219075469659_710372809433884818_n-600x800.jpg 600w, https:\/\/batuskaartdecor.hu\/wp-content\/uploads\/2025\/06\/493722736_674219075469659_710372809433884818_n-225x300.jpg 225w, https:\/\/batuskaartdecor.hu\/wp-content\/uploads\/2025\/06\/493722736_674219075469659_710372809433884818_n-768x1024.jpg 768w, https:\/\/batuskaartdecor.hu\/wp-content\/uploads\/2025\/06\/493722736_674219075469659_710372809433884818_n-1152x1536.jpg 1152w\" sizes=\"(max-width: 1536px) 100vw, 1536px\" \/>\t\t\t\t\t\t\t\t\t\t\t\t\t\t\t<\/div>\n\t\t\t\t<\/div>\n\t\t\t\t<\/div>\n\t\t\t\t<\/div>\n\t\t\t\t<\/div>\n\t\t\t\t\t<\/div>\n\t\t\t\t<\/div>\n\t\t<div class=\"elementor-element elementor-element-ff4d991 e-flex e-con-boxed e-con e-parent\" data-id=\"ff4d991\" data-element_type=\"container\" data-e-type=\"container\">\n\t\t\t\t\t<div class=\"e-con-inner\">\n\t\t<div class=\"elementor-element elementor-element-a543077 e-con-full e-flex e-con e-child\" data-id=\"a543077\" data-element_type=\"container\" data-e-type=\"container\" data-settings=\"{&quot;background_background&quot;:&quot;classic&quot;}\">\n\t\t\t\t<div class=\"elementor-element elementor-element-11587c2 elementor-widget elementor-widget-heading\" data-id=\"11587c2\" data-element_type=\"widget\" data-e-type=\"widget\" data-widget_type=\"heading.default\">\n\t\t\t\t<div class=\"elementor-widget-container\">\n\t\t\t\t\t<h2 class=\"elementor-heading-title elementor-size-default\">Batuska \u00c1gnes<\/h2>\t\t\t\t<\/div>\n\t\t\t\t<\/div>\n\t\t\t\t<div class=\"elementor-element elementor-element-a1377ad elementor-widget elementor-widget-heading\" data-id=\"a1377ad\" data-element_type=\"widget\" data-e-type=\"widget\" data-widget_type=\"heading.default\">\n\t\t\t\t<div class=\"elementor-widget-container\">\n\t\t\t\t\t<div class=\"elementor-heading-title elementor-size-default\">Tulajdonos<\/div>\t\t\t\t<\/div>\n\t\t\t\t<\/div>\n\t\t\t\t<div class=\"elementor-element elementor-element-49cb4cd elementor-shape-circle elementor-grid-4 elementor-widget elementor-widget-social-icons\" data-id=\"49cb4cd\" data-element_type=\"widget\" data-e-type=\"widget\" data-widget_type=\"social-icons.default\">\n\t\t\t\t<div class=\"elementor-widget-container\">\n\t\t\t\t\t\t\t<div class=\"elementor-social-icons-wrapper elementor-grid\" role=\"list\">\n\t\t\t\t\t\t\t<span class=\"elementor-grid-item\" role=\"listitem\">\n\t\t\t\t\t<a class=\"elementor-icon elementor-social-icon elementor-social-icon-facebook elementor-repeater-item-cc548d1\" href=\"https:\/\/www.facebook.com\/BatuskaArtDecor\" target=\"_blank\">\n\t\t\t\t\t\t<span class=\"elementor-screen-only\">Facebook<\/span>\n\t\t\t\t\t\t<i aria-hidden=\"true\" class=\"fab fa-facebook\"><\/i>\t\t\t\t\t<\/a>\n\t\t\t\t<\/span>\n\t\t\t\t\t\t\t<span class=\"elementor-grid-item\" role=\"listitem\">\n\t\t\t\t\t<a class=\"elementor-icon elementor-social-icon elementor-social-icon- elementor-repeater-item-f5d27b6\" href=\"https:\/\/www.instagram.com\/batuskaartdecor\/\" target=\"_blank\">\n\t\t\t\t\t\t<span class=\"elementor-screen-only\"><\/span>\n\t\t\t\t\t\t<svg xmlns=\"http:\/\/www.w3.org\/2000\/svg\" viewBox=\"0 0 50 50\" width=\"500px\" height=\"500px\"><path d=\"M 16 3 C 8.8324839 3 3 8.8324839 3 16 L 3 34 C 3 41.167516 8.8324839 47 16 47 L 34 47 C 41.167516 47 47 41.167516 47 34 L 47 16 C 47 8.8324839 41.167516 3 34 3 L 16 3 z M 16 5 L 34 5 C 40.086484 5 45 9.9135161 45 16 L 45 34 C 45 40.086484 40.086484 45 34 45 L 16 45 C 9.9135161 45 5 40.086484 5 34 L 5 16 C 5 9.9135161 9.9135161 5 16 5 z M 37 11 A 2 2 0 0 0 35 13 A 2 2 0 0 0 37 15 A 2 2 0 0 0 39 13 A 2 2 0 0 0 37 11 z M 25 14 C 18.936712 14 14 18.936712 14 25 C 14 31.063288 18.936712 36 25 36 C 31.063288 36 36 31.063288 36 25 C 36 18.936712 31.063288 14 25 14 z M 25 16 C 29.982407 16 34 20.017593 34 25 C 34 29.982407 29.982407 34 25 34 C 20.017593 34 16 29.982407 16 25 C 16 20.017593 20.017593 16 25 16 z\"><\/path><\/svg>\t\t\t\t\t<\/a>\n\t\t\t\t<\/span>\n\t\t\t\t\t<\/div>\n\t\t\t\t\t\t<\/div>\n\t\t\t\t<\/div>\n\t\t\t\t<\/div>\n\t\t\t\t\t<\/div>\n\t\t\t\t<\/div>\n\t\t<div class=\"elementor-element elementor-element-48add78 e-flex e-con-boxed e-con e-parent\" data-id=\"48add78\" data-element_type=\"container\" data-e-type=\"container\">\n\t\t\t\t\t<div class=\"e-con-inner\">\n\t\t<div class=\"elementor-element elementor-element-775d508 e-con-full e-flex e-con e-child\" data-id=\"775d508\" data-element_type=\"container\" data-e-type=\"container\">\n\t\t\t\t<div class=\"elementor-element elementor-element-69d814a elementor-widget elementor-widget-image\" data-id=\"69d814a\" data-element_type=\"widget\" data-e-type=\"widget\" data-widget_type=\"image.default\">\n\t\t\t\t<div class=\"elementor-widget-container\">\n\t\t\t\t\t\t\t\t\t\t\t\t\t\t\t<img decoding=\"async\" src=\"https:\/\/batuskaartdecor.hu\/wp-content\/uploads\/2022\/02\/founder.jpg\" title=\"\" alt=\"\" loading=\"lazy\" \/>\t\t\t\t\t\t\t\t\t\t\t\t\t\t\t<\/div>\n\t\t\t\t<\/div>\n\t\t\t\t<\/div>\n\t\t\t\t\t<\/div>\n\t\t\t\t<\/div>\n\t\t<div class=\"elementor-element elementor-element-dd8c2f0 e-con-full e-flex e-con e-parent\" data-id=\"dd8c2f0\" data-element_type=\"container\" data-e-type=\"container\">\n\t\t<div class=\"elementor-element elementor-element-69da12c e-con-full e-flex e-con e-child\" data-id=\"69da12c\" data-element_type=\"container\" data-e-type=\"container\">\n\t\t\t\t<div class=\"elementor-element elementor-element-951bce4 elementor-view-default elementor-position-block-start elementor-mobile-position-block-start elementor-widget elementor-widget-icon-box\" data-id=\"951bce4\" data-element_type=\"widget\" data-e-type=\"widget\" data-widget_type=\"icon-box.default\">\n\t\t\t\t<div class=\"elementor-widget-container\">\n\t\t\t\t\t\t\t<div class=\"elementor-icon-box-wrapper\">\n\n\t\t\t\t\t\t<div class=\"elementor-icon-box-icon\">\n\t\t\t\t<a href=\"https:\/\/www.instagram.com\/batuskaartdecor\/\" class=\"elementor-icon\" tabindex=\"-1\" aria-label=\"Follow @batuskaartdecor\">\n\t\t\t\t<i aria-hidden=\"true\" class=\"fab fa-instagram\"><\/i>\t\t\t\t<\/a>\n\t\t\t<\/div>\n\t\t\t\n\t\t\t\t\t\t<div class=\"elementor-icon-box-content\">\n\n\t\t\t\t\t\t\t\t\t<h3 class=\"elementor-icon-box-title\">\n\t\t\t\t\t\t<a href=\"https:\/\/www.instagram.com\/batuskaartdecor\/\" >\n\t\t\t\t\t\t\tFollow @batuskaartdecor\t\t\t\t\t\t<\/a>\n\t\t\t\t\t<\/h3>\n\t\t\t\t\n\t\t\t\t\n\t\t\t<\/div>\n\t\t\t\n\t\t<\/div>\n\t\t\t\t\t\t<\/div>\n\t\t\t\t<\/div>\n\t\t\t\t<div class=\"elementor-element elementor-element-1857f8b elementor-widget elementor-widget-image\" data-id=\"1857f8b\" data-element_type=\"widget\" data-e-type=\"widget\" data-widget_type=\"image.default\">\n\t\t\t\t<div class=\"elementor-widget-container\">\n\t\t\t\t\t\t\t\t\t\t\t\t\t\t\t<img loading=\"lazy\" decoding=\"async\" width=\"1920\" height=\"384\" src=\"https:\/\/batuskaartdecor.hu\/wp-content\/uploads\/2022\/02\/instafeed-image.jpg\" class=\"attachment-full size-full wp-image-147\" alt=\"\" srcset=\"https:\/\/batuskaartdecor.hu\/wp-content\/uploads\/2022\/02\/instafeed-image.jpg 1920w, https:\/\/batuskaartdecor.hu\/wp-content\/uploads\/2022\/02\/instafeed-image-600x120.jpg 600w, https:\/\/batuskaartdecor.hu\/wp-content\/uploads\/2022\/02\/instafeed-image-300x60.jpg 300w, https:\/\/batuskaartdecor.hu\/wp-content\/uploads\/2022\/02\/instafeed-image-1024x205.jpg 1024w, https:\/\/batuskaartdecor.hu\/wp-content\/uploads\/2022\/02\/instafeed-image-768x154.jpg 768w, https:\/\/batuskaartdecor.hu\/wp-content\/uploads\/2022\/02\/instafeed-image-1536x307.jpg 1536w\" sizes=\"(max-width: 1920px) 100vw, 1920px\" \/>\t\t\t\t\t\t\t\t\t\t\t\t\t\t\t<\/div>\n\t\t\t\t<\/div>\n\t\t\t\t<\/div>\n\t\t\t\t<\/div>\n\t\t\t\t<\/div>\n\t\t","protected":false},"excerpt":{"rendered":"<p>Cukis\u00e1gok t\u00e1rh\u00e1za Kik Vagyunk Egy szenved\u00e9lyb\u0151l indult kis csapat vagyunk, akik hisznek abban, hogy az otthon a legfontosabb hely a vil\u00e1gon. Webshopunkat az\u00e9rt hoztuk l\u00e9tre, hogy gondosan v\u00e1logatott lak\u00e1sdekor term\u00e9keinkkel seg\u00edts\u00fcnk neked egy harmonikus, egyedi \u00e9s szerethet\u0151 \u00e9letteret kialak\u00edtani \u2013 olyat, ami igaz\u00e1n t\u00e9ged t\u00fckr\u00f6z. A k\u00edn\u00e1latunkban megtal\u00e1lsz mindent a letisztult skandin\u00e1v vonalakt\u00f3l a boh\u00e9m [&hellip;]<\/p>\n","protected":false},"author":1,"featured_media":0,"parent":0,"menu_order":0,"comment_status":"closed","ping_status":"closed","template":"","meta":{"site-sidebar-layout":"no-sidebar","site-content-layout":"page-builder","ast-site-content-layout":"default","site-content-style":"default","site-sidebar-style":"default","ast-global-header-display":"","ast-banner-title-visibility":"","ast-main-header-display":"","ast-hfb-above-header-display":"","ast-hfb-below-header-display":"","ast-hfb-mobile-header-display":"","site-post-title":"disabled","ast-breadcrumbs-content":"disabled","ast-featured-img":"disabled","footer-sml-layout":"","ast-disable-related-posts":"","theme-transparent-header-meta":"disabled","adv-header-id-meta":"","stick-header-meta":"","header-above-stick-meta":"","header-main-stick-meta":"","header-below-stick-meta":"","astra-migrate-meta-layouts":"default","ast-page-background-enabled":"default","ast-page-background-meta":{"desktop":{"background-color":"var(--ast-global-color-4)","background-image":"","background-repeat":"repeat","background-position":"center center","background-size":"auto","background-attachment":"scroll","background-type":"","background-media":"","overlay-type":"","overlay-color":"","overlay-opacity":"","overlay-gradient":""},"tablet":{"background-color":"","background-image":"","background-repeat":"repeat","background-position":"center center","background-size":"auto","background-attachment":"scroll","background-type":"","background-media":"","overlay-type":"","overlay-color":"","overlay-opacity":"","overlay-gradient":""},"mobile":{"background-color":"","background-image":"","background-repeat":"repeat","background-position":"center center","background-size":"auto","background-attachment":"scroll","background-type":"","background-media":"","overlay-type":"","overlay-color":"","overlay-opacity":"","overlay-gradient":""}},"ast-content-background-meta":{"desktop":{"background-color":"var(--ast-global-color-5)","background-image":"","background-repeat":"repeat","background-position":"center center","background-size":"auto","background-attachment":"scroll","background-type":"","background-media":"","overlay-type":"","overlay-color":"","overlay-opacity":"","overlay-gradient":""},"tablet":{"background-color":"var(--ast-global-color-5)","background-image":"","background-repeat":"repeat","background-position":"center center","background-size":"auto","background-attachment":"scroll","background-type":"","background-media":"","overlay-type":"","overlay-color":"","overlay-opacity":"","overlay-gradient":""},"mobile":{"background-color":"var(--ast-global-color-5)","background-image":"","background-repeat":"repeat","background-position":"center center","background-size":"auto","background-attachment":"scroll","background-type":"","background-media":"","overlay-type":"","overlay-color":"","overlay-opacity":"","overlay-gradient":""}},"footnotes":""},"class_list":["post-103","page","type-page","status-publish","hentry"],"jetpack_sharing_enabled":true,"_links":{"self":[{"href":"https:\/\/batuskaartdecor.hu\/index.php?rest_route=\/wp\/v2\/pages\/103","targetHints":{"allow":["GET"]}}],"collection":[{"href":"https:\/\/batuskaartdecor.hu\/index.php?rest_route=\/wp\/v2\/pages"}],"about":[{"href":"https:\/\/batuskaartdecor.hu\/index.php?rest_route=\/wp\/v2\/types\/page"}],"author":[{"embeddable":true,"href":"https:\/\/batuskaartdecor.hu\/index.php?rest_route=\/wp\/v2\/users\/1"}],"replies":[{"embeddable":true,"href":"https:\/\/batuskaartdecor.hu\/index.php?rest_route=%2Fwp%2Fv2%2Fcomments&post=103"}],"version-history":[{"count":39,"href":"https:\/\/batuskaartdecor.hu\/index.php?rest_route=\/wp\/v2\/pages\/103\/revisions"}],"predecessor-version":[{"id":611,"href":"https:\/\/batuskaartdecor.hu\/index.php?rest_route=\/wp\/v2\/pages\/103\/revisions\/611"}],"wp:attachment":[{"href":"https:\/\/batuskaartdecor.hu\/index.php?rest_route=%2Fwp%2Fv2%2Fmedia&parent=103"}],"curies":[{"name":"wp","href":"https:\/\/api.w.org\/{rel}","templated":true}]}}