{"id":323,"date":"2025-06-30T15:38:55","date_gmt":"2025-06-30T15:38:55","guid":{"rendered":"https:\/\/batuskaartdecor.hu\/shop\/"},"modified":"2025-08-24T15:27:57","modified_gmt":"2025-08-24T15:27:57","slug":"fooldal","status":"publish","type":"page","link":"https:\/\/batuskaartdecor.hu\/","title":{"rendered":"F\u0151oldal"},"content":{"rendered":"\t\t<div data-elementor-type=\"wp-page\" data-elementor-id=\"323\" class=\"elementor elementor-323\">\n\t\t\t\t<div class=\"elementor-element elementor-element-c0fee51 e-flex e-con-boxed e-con e-parent\" data-id=\"c0fee51\" data-element_type=\"container\" data-e-type=\"container\" data-settings=\"{&quot;background_background&quot;:&quot;classic&quot;,&quot;shape_divider_top&quot;:&quot;mountains&quot;,&quot;shape_divider_bottom&quot;:&quot;mountains&quot;}\">\n\t\t\t\t\t<div class=\"e-con-inner\">\n\t\t\t\t<div class=\"elementor-shape elementor-shape-top\" aria-hidden=\"true\" data-negative=\"false\">\n\t\t\t<svg xmlns=\"http:\/\/www.w3.org\/2000\/svg\" viewBox=\"0 0 1000 100\" preserveAspectRatio=\"none\">\n\t<path class=\"elementor-shape-fill\" opacity=\"0.33\" d=\"M473,67.3c-203.9,88.3-263.1-34-320.3,0C66,119.1,0,59.7,0,59.7V0h1000v59.7 c0,0-62.1,26.1-94.9,29.3c-32.8,3.3-62.8-12.3-75.8-22.1C806,49.6,745.3,8.7,694.9,4.7S492.4,59,473,67.3z\"\/>\n\t<path class=\"elementor-shape-fill\" opacity=\"0.66\" d=\"M734,67.3c-45.5,0-77.2-23.2-129.1-39.1c-28.6-8.7-150.3-10.1-254,39.1 s-91.7-34.4-149.2,0C115.7,118.3,0,39.8,0,39.8V0h1000v36.5c0,0-28.2-18.5-92.1-18.5C810.2,18.1,775.7,67.3,734,67.3z\"\/>\n\t<path class=\"elementor-shape-fill\" d=\"M766.1,28.9c-200-57.5-266,65.5-395.1,19.5C242,1.8,242,5.4,184.8,20.6C128,35.8,132.3,44.9,89.9,52.5C28.6,63.7,0,0,0,0 h1000c0,0-9.9,40.9-83.6,48.1S829.6,47,766.1,28.9z\"\/>\n<\/svg>\t\t<\/div>\n\t\t\t\t<div class=\"elementor-shape elementor-shape-bottom\" aria-hidden=\"true\" data-negative=\"false\">\n\t\t\t<svg xmlns=\"http:\/\/www.w3.org\/2000\/svg\" viewBox=\"0 0 1000 100\" preserveAspectRatio=\"none\">\n\t<path class=\"elementor-shape-fill\" opacity=\"0.33\" d=\"M473,67.3c-203.9,88.3-263.1-34-320.3,0C66,119.1,0,59.7,0,59.7V0h1000v59.7 c0,0-62.1,26.1-94.9,29.3c-32.8,3.3-62.8-12.3-75.8-22.1C806,49.6,745.3,8.7,694.9,4.7S492.4,59,473,67.3z\"\/>\n\t<path class=\"elementor-shape-fill\" opacity=\"0.66\" d=\"M734,67.3c-45.5,0-77.2-23.2-129.1-39.1c-28.6-8.7-150.3-10.1-254,39.1 s-91.7-34.4-149.2,0C115.7,118.3,0,39.8,0,39.8V0h1000v36.5c0,0-28.2-18.5-92.1-18.5C810.2,18.1,775.7,67.3,734,67.3z\"\/>\n\t<path class=\"elementor-shape-fill\" d=\"M766.1,28.9c-200-57.5-266,65.5-395.1,19.5C242,1.8,242,5.4,184.8,20.6C128,35.8,132.3,44.9,89.9,52.5C28.6,63.7,0,0,0,0 h1000c0,0-9.9,40.9-83.6,48.1S829.6,47,766.1,28.9z\"\/>\n<\/svg>\t\t<\/div>\n\t\t<div class=\"elementor-element elementor-element-a74b372 e-con-full e-flex e-con e-child\" data-id=\"a74b372\" data-element_type=\"container\" data-e-type=\"container\">\n\t\t\t\t<div class=\"elementor-element elementor-element-a7408fd elementor-widget elementor-widget-image\" data-id=\"a7408fd\" data-element_type=\"widget\" data-e-type=\"widget\" data-widget_type=\"image.default\">\n\t\t\t\t<div class=\"elementor-widget-container\">\n\t\t\t\t\t\t\t\t\t\t\t\t\t\t\t<img decoding=\"async\" src=\"https:\/\/batuskaartdecor.hu\/wp-content\/uploads\/elementor\/thumbs\/482235229_630391126519121_5383720717669675250_n-r8bb01xy7fnd22lon8ozamy14dnxn1wl3k8q234pxc.jpg\" title=\"482235229_630391126519121_5383720717669675250_n\" alt=\"482235229_630391126519121_5383720717669675250_n\" loading=\"lazy\" \/>\t\t\t\t\t\t\t\t\t\t\t\t\t\t\t<\/div>\n\t\t\t\t<\/div>\n\t\t\t\t<\/div>\n\t\t<div class=\"elementor-element elementor-element-5f3b432 e-con-full e-flex e-con e-child\" data-id=\"5f3b432\" data-element_type=\"container\" data-e-type=\"container\">\n\t\t\t\t<div class=\"elementor-element elementor-element-b042fcb elementor-widget elementor-widget-text-editor\" data-id=\"b042fcb\" data-element_type=\"widget\" data-e-type=\"widget\" data-widget_type=\"text-editor.default\">\n\t\t\t\t<div class=\"elementor-widget-container\">\n\t\t\t\t\t\t\t\t\t<h4>&#8222;Egyedi k\u00e9sz\u00edt\u00e9s\u0171 dekor\u00e1ci\u00f3k, melyek minden \u00e9vszakban otthonoss\u00e1 \u00e9s k\u00fcl\u00f6nlegess\u00e9 var\u00e1zsolj\u00e1k a teret.&#8221;<\/h4>\t\t\t\t\t\t\t\t<\/div>\n\t\t\t\t<\/div>\n\t\t\t\t<\/div>\n\t\t<div class=\"elementor-element elementor-element-6c98d15 e-con-full e-flex e-con e-child\" data-id=\"6c98d15\" data-element_type=\"container\" data-e-type=\"container\">\n\t\t\t\t<\/div>\n\t\t\t\t\t<\/div>\n\t\t\t\t<\/div>\n\t\t<div class=\"elementor-element elementor-element-fd504a3 e-flex e-con-boxed e-con e-parent\" data-id=\"fd504a3\" data-element_type=\"container\" data-e-type=\"container\">\n\t\t\t\t\t<div class=\"e-con-inner\">\n\t\t\t\t<div class=\"elementor-element elementor-element-16913ab elementor-widget elementor-widget-heading\" data-id=\"16913ab\" data-element_type=\"widget\" data-e-type=\"widget\" data-widget_type=\"heading.default\">\n\t\t\t\t<div class=\"elementor-widget-container\">\n\t\t\t\t\t<h2 class=\"elementor-heading-title elementor-size-default\">Leg\u00fajabb term\u00e9keink<\/h2>\t\t\t\t<\/div>\n\t\t\t\t<\/div>\n\t\t\t\t\t<\/div>\n\t\t\t\t<\/div>\n\t\t<div class=\"elementor-element elementor-element-7e7e3ef e-flex e-con-boxed e-con e-parent\" data-id=\"7e7e3ef\" data-element_type=\"container\" data-e-type=\"container\">\n\t\t\t\t\t<div class=\"e-con-inner\">\n\t\t\t\t<div class=\"elementor-element elementor-element-d7b7c98 elementor-widget elementor-widget-shortcode\" data-id=\"d7b7c98\" data-element_type=\"widget\" data-e-type=\"widget\" data-widget_type=\"shortcode.default\">\n\t\t\t\t<div class=\"elementor-widget-container\">\n\t\t\t\t\t\t\t<div class=\"elementor-shortcode\"><div class=\"woocommerce columns-4 \"><ul class=\"products columns-4\">\n<li class=\"desktop-align-left tablet-align-left mobile-align-left product type-product post-737 status-publish first instock product_cat-osszes-termek product_cat-osz product_cat-tavaszi-dekoraciok product_tag-asztali-disz product_tag-erdei-hangulat product_tag-gomba has-post-thumbnail sold-individually shipping-taxable purchasable product-type-simple\">\n\t<a href=\"https:\/\/batuskaartdecor.hu\/?product=737\" class=\"woocommerce-LoopProduct-link woocommerce-loop-product__link\"><img fetchpriority=\"high\" decoding=\"async\" width=\"300\" height=\"300\" src=\"https:\/\/batuskaartdecor.hu\/wp-content\/uploads\/2025\/07\/IMG_5057-300x300.jpeg\" class=\"attachment-woocommerce_thumbnail size-woocommerce_thumbnail\" alt=\"B\u00e9k\u00e1s csend\u00e9let\" srcset=\"https:\/\/batuskaartdecor.hu\/wp-content\/uploads\/2025\/07\/IMG_5057-300x300.jpeg 300w, https:\/\/batuskaartdecor.hu\/wp-content\/uploads\/2025\/07\/IMG_5057-100x100.jpeg 100w, https:\/\/batuskaartdecor.hu\/wp-content\/uploads\/2025\/07\/IMG_5057-150x150.jpeg 150w\" sizes=\"(max-width: 300px) 100vw, 300px\" \/><h2 class=\"woocommerce-loop-product__title\">B\u00e9k\u00e1s csend\u00e9let<\/h2>\n\t<span class=\"price\"><span class=\"woocommerce-Price-amount amount\"><bdi>4 800,00&nbsp;<span class=\"woocommerce-Price-currencySymbol\">&#70;&#116;<\/span><\/bdi><\/span><\/span>\n<\/a><a href=\"\/index.php?rest_route=%2Fwp%2Fv2%2Fpages%2F323&#038;add-to-cart=737\" data-quantity=\"1\" class=\"ast-on-card-button ast-select-options-trigger product_type_simple add_to_cart_button ajax_add_to_cart\" data-product_id=\"737\" data-product_sku=\"\" aria-label=\"Kos\u00e1rba: &ldquo;B\u00e9k\u00e1s csend\u00e9let&rdquo;\" rel=\"nofollow\"> <span class=\"ast-card-action-tooltip\"> Kos\u00e1rba teszem <\/span> <span class=\"ahfb-svg-iconset\"> <span class=\"ast-icon icon-basket\"><svg xmlns=\"http:\/\/www.w3.org\/2000\/svg\" xmlns:xlink=\"http:\/\/www.w3.org\/1999\/xlink\" version=\"1.1\" id=\"ast-basket-icon-svg\" x=\"0px\" y=\"0px\" width=\"100\" height=\"100\" viewBox=\"826 826 140 140\" enable-background=\"new 826 826 140 140\" xml:space=\"preserve\">\n\t\t\t\t<path d=\"M955.418,887.512c2.344,0,4.343,0.829,6.002,2.486c1.657,1.659,2.486,3.659,2.486,6.002c0,2.343-0.829,4.344-2.486,6.001  c-1.659,1.658-3.658,2.487-6.002,2.487h-0.994l-7.627,43.9c-0.354,2.033-1.326,3.713-2.917,5.04  c-1.593,1.326-3.405,1.989-5.438,1.989h-84.883c-2.033,0-3.846-0.663-5.438-1.989c-1.591-1.327-2.564-3.007-2.918-5.04l-7.626-43.9  h-0.995c-2.343,0-4.344-0.829-6.001-2.487c-1.658-1.657-2.487-3.658-2.487-6.001c0-2.343,0.829-4.343,2.487-6.002  c1.658-1.658,3.659-2.486,6.001-2.486H955.418z M860.256,940.563c1.149-0.089,2.111-0.585,2.885-1.491  c0.773-0.907,1.116-1.936,1.028-3.085l-2.122-27.586c-0.088-1.15-0.585-2.111-1.492-2.885c-0.906-0.774-1.934-1.117-3.083-1.028  c-1.149,0.088-2.111,0.586-2.885,1.492s-1.116,1.934-1.028,3.083l2.122,27.587c0.088,1.105,0.542,2.034,1.359,2.785  c0.818,0.752,1.78,1.128,2.885,1.128H860.256z M887.512,936.319v-27.587c0-1.149-0.42-2.144-1.26-2.984  c-0.84-0.84-1.834-1.26-2.984-1.26s-2.144,0.42-2.984,1.26c-0.84,0.841-1.26,1.835-1.26,2.984v27.587c0,1.149,0.42,2.145,1.26,2.984  c0.84,0.84,1.835,1.26,2.984,1.26s2.144-0.42,2.984-1.26C887.092,938.464,887.512,937.469,887.512,936.319z M912.977,936.319  v-27.587c0-1.149-0.42-2.144-1.26-2.984c-0.841-0.84-1.835-1.26-2.984-1.26s-2.145,0.42-2.984,1.26  c-0.84,0.841-1.26,1.835-1.26,2.984v27.587c0,1.149,0.42,2.145,1.26,2.984s1.835,1.26,2.984,1.26s2.144-0.42,2.984-1.26  C912.557,938.464,912.977,937.469,912.977,936.319z M936.319,936.65l2.122-27.587c0.088-1.149-0.254-2.177-1.027-3.083  s-1.735-1.404-2.885-1.492c-1.15-0.089-2.178,0.254-3.084,1.028c-0.906,0.773-1.404,1.734-1.492,2.885l-2.122,27.586  c-0.088,1.149,0.254,2.178,1.027,3.085c0.774,0.906,1.736,1.402,2.885,1.491h0.332c1.105,0,2.066-0.376,2.885-1.128  C935.777,938.685,936.23,937.756,936.319,936.65z M859.66,855.946l-6.167,27.322h-8.753l6.698-29.245  c0.84-3.89,2.807-7.062,5.902-9.516c3.095-2.453,6.632-3.68,10.611-3.68h11.074c0-1.149,0.42-2.144,1.26-2.984  c0.84-0.84,1.835-1.26,2.984-1.26h25.465c1.149,0,2.144,0.42,2.984,1.26c0.84,0.84,1.26,1.834,1.26,2.984h11.074  c3.979,0,7.516,1.227,10.611,3.68c3.094,2.454,5.062,5.626,5.901,9.516l6.697,29.245h-8.753l-6.168-27.322  c-0.486-1.945-1.491-3.537-3.017-4.774c-1.525-1.238-3.282-1.857-5.272-1.857h-11.074c0,1.15-0.42,2.144-1.26,2.984  c-0.841,0.84-1.835,1.26-2.984,1.26h-25.465c-1.149,0-2.144-0.42-2.984-1.26c-0.84-0.84-1.26-1.834-1.26-2.984h-11.074  c-1.99,0-3.747,0.619-5.272,1.857C861.152,852.409,860.146,854,859.66,855.946z\" \/>\n\t\t\t\t<\/svg><\/span> <\/span> <\/a><a href=\"\/index.php?rest_route=%2Fwp%2Fv2%2Fpages%2F323&#038;add-to-cart=737\" aria-describedby=\"woocommerce_loop_add_to_cart_link_describedby_737\" data-quantity=\"1\" class=\"button product_type_simple add_to_cart_button ajax_add_to_cart\" data-product_id=\"737\" data-product_sku=\"\" aria-label=\"Kos\u00e1rba: &ldquo;B\u00e9k\u00e1s csend\u00e9let&rdquo;\" rel=\"nofollow\" data-success_message=\"&ldquo;B\u00e9k\u00e1s csend\u00e9let&rdquo; has been added to your cart\" role=\"button\">Kos\u00e1rba teszem<\/a>\t<span id=\"woocommerce_loop_add_to_cart_link_describedby_737\" class=\"screen-reader-text\">\n\t\t\t<\/span>\n<\/li>\n<li class=\"desktop-align-left tablet-align-left mobile-align-left product type-product post-827 status-publish instock product_cat-osszes-termek product_cat-osz product_tag-asztali-disz product_tag-osz product_tag-tok has-post-thumbnail sold-individually shipping-taxable purchasable product-type-simple\">\n\t<a href=\"https:\/\/batuskaartdecor.hu\/?product=feher-tokos-vintage-varazs\" class=\"woocommerce-LoopProduct-link woocommerce-loop-product__link\"><img decoding=\"async\" width=\"300\" height=\"300\" src=\"https:\/\/batuskaartdecor.hu\/wp-content\/uploads\/2025\/07\/IMG_5216-300x300.jpeg\" class=\"attachment-woocommerce_thumbnail size-woocommerce_thumbnail\" alt=\"Feh\u00e9r t\u00f6k\u00f6s vintage var\u00e1zs\" srcset=\"https:\/\/batuskaartdecor.hu\/wp-content\/uploads\/2025\/07\/IMG_5216-300x300.jpeg 300w, https:\/\/batuskaartdecor.hu\/wp-content\/uploads\/2025\/07\/IMG_5216-100x100.jpeg 100w, https:\/\/batuskaartdecor.hu\/wp-content\/uploads\/2025\/07\/IMG_5216-150x150.jpeg 150w\" sizes=\"(max-width: 300px) 100vw, 300px\" \/><h2 class=\"woocommerce-loop-product__title\">Feh\u00e9r t\u00f6k\u00f6s vintage var\u00e1zs<\/h2>\n\t<span class=\"price\"><span class=\"woocommerce-Price-amount amount\"><bdi>6 900,00&nbsp;<span class=\"woocommerce-Price-currencySymbol\">&#70;&#116;<\/span><\/bdi><\/span><\/span>\n<\/a><a href=\"\/index.php?rest_route=%2Fwp%2Fv2%2Fpages%2F323&#038;add-to-cart=827\" data-quantity=\"1\" class=\"ast-on-card-button ast-select-options-trigger product_type_simple add_to_cart_button ajax_add_to_cart\" data-product_id=\"827\" data-product_sku=\"\" aria-label=\"Kos\u00e1rba: &ldquo;Feh\u00e9r t\u00f6k\u00f6s vintage var\u00e1zs&rdquo;\" rel=\"nofollow\"> <span class=\"ast-card-action-tooltip\"> Kos\u00e1rba teszem <\/span> <span class=\"ahfb-svg-iconset\"> <span class=\"ast-icon icon-basket\"><svg xmlns=\"http:\/\/www.w3.org\/2000\/svg\" xmlns:xlink=\"http:\/\/www.w3.org\/1999\/xlink\" version=\"1.1\" id=\"ast-basket-icon-svg\" x=\"0px\" y=\"0px\" width=\"100\" height=\"100\" viewBox=\"826 826 140 140\" enable-background=\"new 826 826 140 140\" xml:space=\"preserve\">\n\t\t\t\t<path d=\"M955.418,887.512c2.344,0,4.343,0.829,6.002,2.486c1.657,1.659,2.486,3.659,2.486,6.002c0,2.343-0.829,4.344-2.486,6.001  c-1.659,1.658-3.658,2.487-6.002,2.487h-0.994l-7.627,43.9c-0.354,2.033-1.326,3.713-2.917,5.04  c-1.593,1.326-3.405,1.989-5.438,1.989h-84.883c-2.033,0-3.846-0.663-5.438-1.989c-1.591-1.327-2.564-3.007-2.918-5.04l-7.626-43.9  h-0.995c-2.343,0-4.344-0.829-6.001-2.487c-1.658-1.657-2.487-3.658-2.487-6.001c0-2.343,0.829-4.343,2.487-6.002  c1.658-1.658,3.659-2.486,6.001-2.486H955.418z M860.256,940.563c1.149-0.089,2.111-0.585,2.885-1.491  c0.773-0.907,1.116-1.936,1.028-3.085l-2.122-27.586c-0.088-1.15-0.585-2.111-1.492-2.885c-0.906-0.774-1.934-1.117-3.083-1.028  c-1.149,0.088-2.111,0.586-2.885,1.492s-1.116,1.934-1.028,3.083l2.122,27.587c0.088,1.105,0.542,2.034,1.359,2.785  c0.818,0.752,1.78,1.128,2.885,1.128H860.256z M887.512,936.319v-27.587c0-1.149-0.42-2.144-1.26-2.984  c-0.84-0.84-1.834-1.26-2.984-1.26s-2.144,0.42-2.984,1.26c-0.84,0.841-1.26,1.835-1.26,2.984v27.587c0,1.149,0.42,2.145,1.26,2.984  c0.84,0.84,1.835,1.26,2.984,1.26s2.144-0.42,2.984-1.26C887.092,938.464,887.512,937.469,887.512,936.319z M912.977,936.319  v-27.587c0-1.149-0.42-2.144-1.26-2.984c-0.841-0.84-1.835-1.26-2.984-1.26s-2.145,0.42-2.984,1.26  c-0.84,0.841-1.26,1.835-1.26,2.984v27.587c0,1.149,0.42,2.145,1.26,2.984s1.835,1.26,2.984,1.26s2.144-0.42,2.984-1.26  C912.557,938.464,912.977,937.469,912.977,936.319z M936.319,936.65l2.122-27.587c0.088-1.149-0.254-2.177-1.027-3.083  s-1.735-1.404-2.885-1.492c-1.15-0.089-2.178,0.254-3.084,1.028c-0.906,0.773-1.404,1.734-1.492,2.885l-2.122,27.586  c-0.088,1.149,0.254,2.178,1.027,3.085c0.774,0.906,1.736,1.402,2.885,1.491h0.332c1.105,0,2.066-0.376,2.885-1.128  C935.777,938.685,936.23,937.756,936.319,936.65z M859.66,855.946l-6.167,27.322h-8.753l6.698-29.245  c0.84-3.89,2.807-7.062,5.902-9.516c3.095-2.453,6.632-3.68,10.611-3.68h11.074c0-1.149,0.42-2.144,1.26-2.984  c0.84-0.84,1.835-1.26,2.984-1.26h25.465c1.149,0,2.144,0.42,2.984,1.26c0.84,0.84,1.26,1.834,1.26,2.984h11.074  c3.979,0,7.516,1.227,10.611,3.68c3.094,2.454,5.062,5.626,5.901,9.516l6.697,29.245h-8.753l-6.168-27.322  c-0.486-1.945-1.491-3.537-3.017-4.774c-1.525-1.238-3.282-1.857-5.272-1.857h-11.074c0,1.15-0.42,2.144-1.26,2.984  c-0.841,0.84-1.835,1.26-2.984,1.26h-25.465c-1.149,0-2.144-0.42-2.984-1.26c-0.84-0.84-1.26-1.834-1.26-2.984h-11.074  c-1.99,0-3.747,0.619-5.272,1.857C861.152,852.409,860.146,854,859.66,855.946z\" \/>\n\t\t\t\t<\/svg><\/span> <\/span> <\/a><a href=\"\/index.php?rest_route=%2Fwp%2Fv2%2Fpages%2F323&#038;add-to-cart=827\" aria-describedby=\"woocommerce_loop_add_to_cart_link_describedby_827\" data-quantity=\"1\" class=\"button product_type_simple add_to_cart_button ajax_add_to_cart\" data-product_id=\"827\" data-product_sku=\"\" aria-label=\"Kos\u00e1rba: &ldquo;Feh\u00e9r t\u00f6k\u00f6s vintage var\u00e1zs&rdquo;\" rel=\"nofollow\" data-success_message=\"&ldquo;Feh\u00e9r t\u00f6k\u00f6s vintage var\u00e1zs&rdquo; has been added to your cart\" role=\"button\">Kos\u00e1rba teszem<\/a>\t<span id=\"woocommerce_loop_add_to_cart_link_describedby_827\" class=\"screen-reader-text\">\n\t\t\t<\/span>\n<\/li>\n<li class=\"desktop-align-left tablet-align-left mobile-align-left product type-product post-844 status-publish instock product_cat-osszes-termek product_cat-osz product_tag-asztali-disz product_tag-osz product_tag-tok has-post-thumbnail sold-individually shipping-taxable purchasable product-type-simple\">\n\t<a href=\"https:\/\/batuskaartdecor.hu\/?product=elethu-disztok-rusztikus-cserepben\" class=\"woocommerce-LoopProduct-link woocommerce-loop-product__link\"><img decoding=\"async\" width=\"300\" height=\"300\" src=\"https:\/\/batuskaartdecor.hu\/wp-content\/uploads\/2025\/07\/IMG_5186-300x300.jpeg\" class=\"attachment-woocommerce_thumbnail size-woocommerce_thumbnail\" alt=\"\u00c9leth\u0171 d\u00edszt\u00f6k rusztikus cser\u00e9pben\" srcset=\"https:\/\/batuskaartdecor.hu\/wp-content\/uploads\/2025\/07\/IMG_5186-300x300.jpeg 300w, https:\/\/batuskaartdecor.hu\/wp-content\/uploads\/2025\/07\/IMG_5186-100x100.jpeg 100w, https:\/\/batuskaartdecor.hu\/wp-content\/uploads\/2025\/07\/IMG_5186-150x150.jpeg 150w\" sizes=\"(max-width: 300px) 100vw, 300px\" \/><h2 class=\"woocommerce-loop-product__title\">\u00c9leth\u0171 d\u00edszt\u00f6k rusztikus cser\u00e9pben<\/h2>\n\t<span class=\"price\"><span class=\"woocommerce-Price-amount amount\"><bdi>7 000,00&nbsp;<span class=\"woocommerce-Price-currencySymbol\">&#70;&#116;<\/span><\/bdi><\/span><\/span>\n<\/a><a href=\"\/index.php?rest_route=%2Fwp%2Fv2%2Fpages%2F323&#038;add-to-cart=844\" data-quantity=\"1\" class=\"ast-on-card-button ast-select-options-trigger product_type_simple add_to_cart_button ajax_add_to_cart\" data-product_id=\"844\" data-product_sku=\"\" aria-label=\"Kos\u00e1rba: &ldquo;\u00c9leth\u0171 d\u00edszt\u00f6k rusztikus cser\u00e9pben&rdquo;\" rel=\"nofollow\"> <span class=\"ast-card-action-tooltip\"> Kos\u00e1rba teszem <\/span> <span class=\"ahfb-svg-iconset\"> <span class=\"ast-icon icon-basket\"><svg xmlns=\"http:\/\/www.w3.org\/2000\/svg\" xmlns:xlink=\"http:\/\/www.w3.org\/1999\/xlink\" version=\"1.1\" id=\"ast-basket-icon-svg\" x=\"0px\" y=\"0px\" width=\"100\" height=\"100\" viewBox=\"826 826 140 140\" enable-background=\"new 826 826 140 140\" xml:space=\"preserve\">\n\t\t\t\t<path d=\"M955.418,887.512c2.344,0,4.343,0.829,6.002,2.486c1.657,1.659,2.486,3.659,2.486,6.002c0,2.343-0.829,4.344-2.486,6.001  c-1.659,1.658-3.658,2.487-6.002,2.487h-0.994l-7.627,43.9c-0.354,2.033-1.326,3.713-2.917,5.04  c-1.593,1.326-3.405,1.989-5.438,1.989h-84.883c-2.033,0-3.846-0.663-5.438-1.989c-1.591-1.327-2.564-3.007-2.918-5.04l-7.626-43.9  h-0.995c-2.343,0-4.344-0.829-6.001-2.487c-1.658-1.657-2.487-3.658-2.487-6.001c0-2.343,0.829-4.343,2.487-6.002  c1.658-1.658,3.659-2.486,6.001-2.486H955.418z M860.256,940.563c1.149-0.089,2.111-0.585,2.885-1.491  c0.773-0.907,1.116-1.936,1.028-3.085l-2.122-27.586c-0.088-1.15-0.585-2.111-1.492-2.885c-0.906-0.774-1.934-1.117-3.083-1.028  c-1.149,0.088-2.111,0.586-2.885,1.492s-1.116,1.934-1.028,3.083l2.122,27.587c0.088,1.105,0.542,2.034,1.359,2.785  c0.818,0.752,1.78,1.128,2.885,1.128H860.256z M887.512,936.319v-27.587c0-1.149-0.42-2.144-1.26-2.984  c-0.84-0.84-1.834-1.26-2.984-1.26s-2.144,0.42-2.984,1.26c-0.84,0.841-1.26,1.835-1.26,2.984v27.587c0,1.149,0.42,2.145,1.26,2.984  c0.84,0.84,1.835,1.26,2.984,1.26s2.144-0.42,2.984-1.26C887.092,938.464,887.512,937.469,887.512,936.319z M912.977,936.319  v-27.587c0-1.149-0.42-2.144-1.26-2.984c-0.841-0.84-1.835-1.26-2.984-1.26s-2.145,0.42-2.984,1.26  c-0.84,0.841-1.26,1.835-1.26,2.984v27.587c0,1.149,0.42,2.145,1.26,2.984s1.835,1.26,2.984,1.26s2.144-0.42,2.984-1.26  C912.557,938.464,912.977,937.469,912.977,936.319z M936.319,936.65l2.122-27.587c0.088-1.149-0.254-2.177-1.027-3.083  s-1.735-1.404-2.885-1.492c-1.15-0.089-2.178,0.254-3.084,1.028c-0.906,0.773-1.404,1.734-1.492,2.885l-2.122,27.586  c-0.088,1.149,0.254,2.178,1.027,3.085c0.774,0.906,1.736,1.402,2.885,1.491h0.332c1.105,0,2.066-0.376,2.885-1.128  C935.777,938.685,936.23,937.756,936.319,936.65z M859.66,855.946l-6.167,27.322h-8.753l6.698-29.245  c0.84-3.89,2.807-7.062,5.902-9.516c3.095-2.453,6.632-3.68,10.611-3.68h11.074c0-1.149,0.42-2.144,1.26-2.984  c0.84-0.84,1.835-1.26,2.984-1.26h25.465c1.149,0,2.144,0.42,2.984,1.26c0.84,0.84,1.26,1.834,1.26,2.984h11.074  c3.979,0,7.516,1.227,10.611,3.68c3.094,2.454,5.062,5.626,5.901,9.516l6.697,29.245h-8.753l-6.168-27.322  c-0.486-1.945-1.491-3.537-3.017-4.774c-1.525-1.238-3.282-1.857-5.272-1.857h-11.074c0,1.15-0.42,2.144-1.26,2.984  c-0.841,0.84-1.835,1.26-2.984,1.26h-25.465c-1.149,0-2.144-0.42-2.984-1.26c-0.84-0.84-1.26-1.834-1.26-2.984h-11.074  c-1.99,0-3.747,0.619-5.272,1.857C861.152,852.409,860.146,854,859.66,855.946z\" \/>\n\t\t\t\t<\/svg><\/span> <\/span> <\/a><a href=\"\/index.php?rest_route=%2Fwp%2Fv2%2Fpages%2F323&#038;add-to-cart=844\" aria-describedby=\"woocommerce_loop_add_to_cart_link_describedby_844\" data-quantity=\"1\" class=\"button product_type_simple add_to_cart_button ajax_add_to_cart\" data-product_id=\"844\" data-product_sku=\"\" aria-label=\"Kos\u00e1rba: &ldquo;\u00c9leth\u0171 d\u00edszt\u00f6k rusztikus cser\u00e9pben&rdquo;\" rel=\"nofollow\" data-success_message=\"&ldquo;\u00c9leth\u0171 d\u00edszt\u00f6k rusztikus cser\u00e9pben&rdquo; has been added to your cart\" role=\"button\">Kos\u00e1rba teszem<\/a>\t<span id=\"woocommerce_loop_add_to_cart_link_describedby_844\" class=\"screen-reader-text\">\n\t\t\t<\/span>\n<\/li>\n<\/ul>\n<\/div><\/div>\n\t\t\t\t\t\t<\/div>\n\t\t\t\t<\/div>\n\t\t\t\t\t<\/div>\n\t\t\t\t<\/div>\n\t\t\t\t<\/div>\n\t\t","protected":false},"excerpt":{"rendered":"<p>&#8222;Egyedi k\u00e9sz\u00edt\u00e9s\u0171 dekor\u00e1ci\u00f3k, melyek minden \u00e9vszakban otthonoss\u00e1 \u00e9s k\u00fcl\u00f6nlegess\u00e9 var\u00e1zsolj\u00e1k a teret.&#8221; Leg\u00fajabb term\u00e9keink<\/p>\n","protected":false},"author":1,"featured_media":0,"parent":0,"menu_order":0,"comment_status":"closed","ping_status":"closed","template":"","meta":{"site-sidebar-layout":"no-sidebar","site-content-layout":"page-builder","ast-site-content-layout":"full-width-container","site-content-style":"unboxed","site-sidebar-style":"unboxed","ast-global-header-display":"","ast-banner-title-visibility":"","ast-main-header-display":"","ast-hfb-above-header-display":"","ast-hfb-below-header-display":"","ast-hfb-mobile-header-display":"","site-post-title":"disabled","ast-breadcrumbs-content":"","ast-featured-img":"disabled","footer-sml-layout":"","ast-disable-related-posts":"","theme-transparent-header-meta":"","adv-header-id-meta":"","stick-header-meta":"","header-above-stick-meta":"","header-main-stick-meta":"","header-below-stick-meta":"","astra-migrate-meta-layouts":"set","ast-page-background-enabled":"default","ast-page-background-meta":{"desktop":{"background-color":"var(--ast-global-color-4)","background-image":"","background-repeat":"repeat","background-position":"center center","background-size":"auto","background-attachment":"scroll","background-type":"","background-media":"","overlay-type":"","overlay-color":"","overlay-opacity":"","overlay-gradient":""},"tablet":{"background-color":"","background-image":"","background-repeat":"repeat","background-position":"center center","background-size":"auto","background-attachment":"scroll","background-type":"","background-media":"","overlay-type":"","overlay-color":"","overlay-opacity":"","overlay-gradient":""},"mobile":{"background-color":"","background-image":"","background-repeat":"repeat","background-position":"center center","background-size":"auto","background-attachment":"scroll","background-type":"","background-media":"","overlay-type":"","overlay-color":"","overlay-opacity":"","overlay-gradient":""}},"ast-content-background-meta":{"desktop":{"background-color":"var(--ast-global-color-5)","background-image":"","background-repeat":"repeat","background-position":"center center","background-size":"auto","background-attachment":"scroll","background-type":"","background-media":"","overlay-type":"","overlay-color":"","overlay-opacity":"","overlay-gradient":""},"tablet":{"background-color":"var(--ast-global-color-5)","background-image":"","background-repeat":"repeat","background-position":"center center","background-size":"auto","background-attachment":"scroll","background-type":"","background-media":"","overlay-type":"","overlay-color":"","overlay-opacity":"","overlay-gradient":""},"mobile":{"background-color":"var(--ast-global-color-5)","background-image":"","background-repeat":"repeat","background-position":"center center","background-size":"auto","background-attachment":"scroll","background-type":"","background-media":"","overlay-type":"","overlay-color":"","overlay-opacity":"","overlay-gradient":""}},"footnotes":""},"class_list":["post-323","page","type-page","status-publish","hentry"],"jetpack_sharing_enabled":true,"_links":{"self":[{"href":"https:\/\/batuskaartdecor.hu\/index.php?rest_route=\/wp\/v2\/pages\/323","targetHints":{"allow":["GET"]}}],"collection":[{"href":"https:\/\/batuskaartdecor.hu\/index.php?rest_route=\/wp\/v2\/pages"}],"about":[{"href":"https:\/\/batuskaartdecor.hu\/index.php?rest_route=\/wp\/v2\/types\/page"}],"author":[{"embeddable":true,"href":"https:\/\/batuskaartdecor.hu\/index.php?rest_route=\/wp\/v2\/users\/1"}],"replies":[{"embeddable":true,"href":"https:\/\/batuskaartdecor.hu\/index.php?rest_route=%2Fwp%2Fv2%2Fcomments&post=323"}],"version-history":[{"count":87,"href":"https:\/\/batuskaartdecor.hu\/index.php?rest_route=\/wp\/v2\/pages\/323\/revisions"}],"predecessor-version":[{"id":1044,"href":"https:\/\/batuskaartdecor.hu\/index.php?rest_route=\/wp\/v2\/pages\/323\/revisions\/1044"}],"wp:attachment":[{"href":"https:\/\/batuskaartdecor.hu\/index.php?rest_route=%2Fwp%2Fv2%2Fmedia&parent=323"}],"curies":[{"name":"wp","href":"https:\/\/api.w.org\/{rel}","templated":true}]}}