{"id":844,"date":"2025-07-22T16:56:11","date_gmt":"2025-07-22T16:56:11","guid":{"rendered":"https:\/\/batuskaartdecor.hu\/?post_type=product&#038;p=844"},"modified":"2025-07-22T16:56:11","modified_gmt":"2025-07-22T16:56:11","slug":"elethu-disztok-rusztikus-cserepben","status":"publish","type":"product","link":"https:\/\/batuskaartdecor.hu\/?product=elethu-disztok-rusztikus-cserepben","title":{"rendered":"\u00c9leth\u0171 d\u00edszt\u00f6k rusztikus cser\u00e9pben"},"content":{"rendered":"<p>Anyag: ker\u00e1mia kasp\u00f3, m\u0171anyag t\u00f6k, mogyor\u00f3fa \u00e1g, r\u00e9zkulcs, pr\u00e9mium m\u0171n\u00f6v\u00e9nyek<\/p>\n<p>M\u00e9ret: Kb. 11 cm \u00e1tm\u00e9r\u0151, 26 cm magas<\/p>\n<p>&nbsp;<\/p>\n","protected":false},"excerpt":{"rendered":"<p>Ez a koptatott, rusztikus cser\u00e9p egy megsz\u00f3lal\u00e1sig \u00e9leth\u0171 d\u00edszt\u00f6k\u00f6t rejt, amely \u00f6r\u00f6k darabk\u00e9nt d\u00edsz\u00edtheti otthonod minden \u0151sszel. A kompoz\u00edci\u00f3t egy apr\u00f3 r\u00e9z kulcs fityeg\u0151 teszi m\u00e9g k\u00fcl\u00f6nlegesebb\u00e9 &#8211; term\u00e9szetes hat\u00e1s\u00fa, nem romland\u00f3 dekor\u00e1ci\u00f3, letisztul, egyszer\u0171 a maga m\u00f3dj\u00e1n.<\/p>\n","protected":false},"featured_media":851,"comment_status":"open","ping_status":"closed","template":"","meta":{"site-sidebar-layout":"default","site-content-layout":"","ast-site-content-layout":"default","site-content-style":"default","site-sidebar-style":"default","ast-global-header-display":"","ast-banner-title-visibility":"","ast-main-header-display":"","ast-hfb-above-header-display":"","ast-hfb-below-header-display":"","ast-hfb-mobile-header-display":"","site-post-title":"","ast-breadcrumbs-content":"","ast-featured-img":"","footer-sml-layout":"","ast-disable-related-posts":"","theme-transparent-header-meta":"default","adv-header-id-meta":"","stick-header-meta":"","header-above-stick-meta":"","header-main-stick-meta":"","header-below-stick-meta":"","astra-migrate-meta-layouts":"set","ast-page-background-enabled":"default","ast-page-background-meta":{"desktop":{"background-color":"var(--ast-global-color-4)","background-image":"","background-repeat":"repeat","background-position":"center center","background-size":"auto","background-attachment":"scroll","background-type":"","background-media":"","overlay-type":"","overlay-color":"","overlay-opacity":"","overlay-gradient":""},"tablet":{"background-color":"","background-image":"","background-repeat":"repeat","background-position":"center center","background-size":"auto","background-attachment":"scroll","background-type":"","background-media":"","overlay-type":"","overlay-color":"","overlay-opacity":"","overlay-gradient":""},"mobile":{"background-color":"","background-image":"","background-repeat":"repeat","background-position":"center center","background-size":"auto","background-attachment":"scroll","background-type":"","background-media":"","overlay-type":"","overlay-color":"","overlay-opacity":"","overlay-gradient":""}},"ast-content-background-meta":{"desktop":{"background-color":"var(--ast-global-color-5)","background-image":"","background-repeat":"repeat","background-position":"center center","background-size":"auto","background-attachment":"scroll","background-type":"","background-media":"","overlay-type":"","overlay-color":"","overlay-opacity":"","overlay-gradient":""},"tablet":{"background-color":"var(--ast-global-color-5)","background-image":"","background-repeat":"repeat","background-position":"center center","background-size":"auto","background-attachment":"scroll","background-type":"","background-media":"","overlay-type":"","overlay-color":"","overlay-opacity":"","overlay-gradient":""},"mobile":{"background-color":"var(--ast-global-color-5)","background-image":"","background-repeat":"repeat","background-position":"center center","background-size":"auto","background-attachment":"scroll","background-type":"","background-media":"","overlay-type":"","overlay-color":"","overlay-opacity":"","overlay-gradient":""}}},"product_brand":[],"product_cat":[25,26],"product_tag":[38,39,44],"class_list":{"0":"post-844","1":"product","2":"type-product","3":"status-publish","4":"has-post-thumbnail","6":"product_cat-osszes-termek","7":"product_cat-osz","8":"product_tag-asztali-disz","9":"product_tag-osz","10":"product_tag-tok","11":"desktop-align-left","12":"tablet-align-left","13":"mobile-align-left","15":"first","16":"instock","17":"sold-individually","18":"shipping-taxable","19":"purchasable","20":"product-type-simple"},"jetpack_sharing_enabled":true,"_links":{"self":[{"href":"https:\/\/batuskaartdecor.hu\/index.php?rest_route=\/wp\/v2\/product\/844","targetHints":{"allow":["GET"]}}],"collection":[{"href":"https:\/\/batuskaartdecor.hu\/index.php?rest_route=\/wp\/v2\/product"}],"about":[{"href":"https:\/\/batuskaartdecor.hu\/index.php?rest_route=\/wp\/v2\/types\/product"}],"replies":[{"embeddable":true,"href":"https:\/\/batuskaartdecor.hu\/index.php?rest_route=%2Fwp%2Fv2%2Fcomments&post=844"}],"version-history":[{"count":1,"href":"https:\/\/batuskaartdecor.hu\/index.php?rest_route=\/wp\/v2\/product\/844\/revisions"}],"predecessor-version":[{"id":852,"href":"https:\/\/batuskaartdecor.hu\/index.php?rest_route=\/wp\/v2\/product\/844\/revisions\/852"}],"wp:featuredmedia":[{"embeddable":true,"href":"https:\/\/batuskaartdecor.hu\/index.php?rest_route=\/wp\/v2\/media\/851"}],"wp:attachment":[{"href":"https:\/\/batuskaartdecor.hu\/index.php?rest_route=%2Fwp%2Fv2%2Fmedia&parent=844"}],"wp:term":[{"taxonomy":"product_brand","embeddable":true,"href":"https:\/\/batuskaartdecor.hu\/index.php?rest_route=%2Fwp%2Fv2%2Fproduct_brand&post=844"},{"taxonomy":"product_cat","embeddable":true,"href":"https:\/\/batuskaartdecor.hu\/index.php?rest_route=%2Fwp%2Fv2%2Fproduct_cat&post=844"},{"taxonomy":"product_tag","embeddable":true,"href":"https:\/\/batuskaartdecor.hu\/index.php?rest_route=%2Fwp%2Fv2%2Fproduct_tag&post=844"}],"curies":[{"name":"wp","href":"https:\/\/api.w.org\/{rel}","templated":true}]}}